{"id":50,"date":"2023-11-23T07:49:13","date_gmt":"2023-11-23T07:49:13","guid":{"rendered":"http:\/\/e-car24.pl\/?page_id=50"},"modified":"2023-11-23T11:55:45","modified_gmt":"2023-11-23T11:55:45","slug":"kalkulatory","status":"publish","type":"page","link":"http:\/\/e-car24.pl\/index.php\/kalkulatory\/","title":{"rendered":"Kalkulatory"},"content":{"rendered":"\n<figure class=\"wp-block-image\"><a href=\"http:\/\/biz24.com.pl\/EAUTO\/index.html\"><img decoding=\"async\" src=\"http:\/\/pro-sun.pl\/wp-content\/uploads\/2022\/02\/KALKU.png\" alt=\"Kalkulator samochod\u00f3w elektrycznych\" class=\"wp-image-2383\"\/><\/a><\/figure>\n\n\n\n<p><strong><a href=\"http:\/\/biz24.com.pl\/EAUTO\/Index.html\">Kalkulator op\u0142acalno\u015bci&nbsp; zakupu samochodu elektrycznego <\/a>&nbsp;<\/strong>Narz\u0119dzie s\u0142u\u017cy do por\u00f3wnania koszt\u00f3w u\u017cytkowania<strong> samochod\u00f3w osobowych<\/strong>, w szczeg\u00f3lno\u015bci <strong>samochodu z nap\u0119dem spalinowym<\/strong> oraz<strong> samochodem elektrycznym<\/strong>.  W przypadku u\u017cytkowania samochodu elektrycznego szczeg\u00f3lnie istotny jest <strong>koszt energii elektrycznej<\/strong>, kt\u00f3ry w trasie mo\u017ce by\u0107 kilkakrotnie wy\u017cszy, ni\u017c koszt energii wytworzonej przez domow\u0105 lub firmow\u0105 elektrowni\u0119 fotowoltaiczn\u0105 <\/p>\n\n\n\n<figure class=\"wp-block-image is-style-default\"><a href=\"http:\/\/biz24.com.pl\/EAUTO\/index.html\"><img decoding=\"async\" src=\"http:\/\/pro-sun.pl\/wp-content\/uploads\/2022\/02\/E-CAR-472x500.png\" alt=\"Kalkulator samochod\u00f3w elektrycznych\" class=\"wp-image-2384\"\/><\/a><\/figure>\n\n\n\n<p><\/p>\n\n\n\n<figure class=\"wp-block-image\"><a href=\"http:\/\/pro-sun.pl\/LAD\/Index.html\"><img decoding=\"async\" src=\"http:\/\/pro-sun.pl\/Ladowarki.png\" alt=\"Kalkulator instalacji fotowoltaicznej\" class=\"wp-image-240\" title=\"Kalkulator instalacji fotowoltaicznej\"\/><\/a><\/figure>\n\n\n\n<p><strong><a href=\"http:\/\/pro-sun.pl\/UZYSK\/Index.html\">Kalkulator\u0142adowania e-samochodu <\/a><\/strong>Kalkulator \u0142adowania baterii samochod\u00f3w elektrycznych pozwala na obliczenie parametr\u00f3w \u0142adowania baterii samochodowej w zale\u017cno\u015bci od rodzaju \u0142adowarki (mocy \u0142adowarki) oraz pojemno\u015bci baterii samochodowej.<\/p>\n\n\n\n<figure class=\"wp-block-image aligncenter\"><a href=\"http:\/\/pro-sun.pl\/LAD\/Index.html\"><img decoding=\"async\" src=\"http:\/\/pro-sun.pl\/wp-content\/uploads\/2021\/02\/Ladowarka.png\" alt=\"Ladowarka e-samochodu\" class=\"wp-image-2178\"\/><\/a><\/figure>\n\n\n\n<figure class=\"wp-block-image\"><a href=\"http:\/\/pro-sun.pl\/CHARGER\/Index.html\"><img decoding=\"async\" src=\"http:\/\/pro-sun.pl\/lad.png\" alt=\"Kalkulator instalacji fotowoltaicznej\" class=\"wp-image-240\" title=\"Kalkulator instalacji fotowoltaicznej\"\/><\/a><\/figure>\n\n\n\n<p><strong><a href=\"http:\/\/pro-sun.pl\/CHARGER\/Index.html\">Kalkulator doboru \u0142adowarek e-samochodu <\/a><\/strong>Kalkulator doboru domowych \u0142adowarek samochod\u00f3w elektrycznych u\u0142atwia dob\u00f3r \u0142adowarki do samochodu elektrycznego, z uwzgl\u0119dnieniem parametr\u00f3w \u0142adowania.<\/p>\n\n\n\n<figure class=\"wp-block-image\"><img decoding=\"async\" src=\"http:\/\/pro-sun.pl\/wp-content\/uploads\/2022\/01\/CHARGER-569x500.png\" alt=\"Kalkulator doboru \u0142adowarek e-samochodu\" class=\"wp-image-2283\"\/><\/figure>\n\n\n\n<p><\/p>\n\n\n\n<p><\/p>\n\n\n\n<p><\/p>\n\n\n\n<p><\/p>\n\n\n\n<p><\/p>\n\n\n\n<p><\/p>\n","protected":false},"excerpt":{"rendered":"<p>Kalkulator op\u0142acalno\u015bci&nbsp; zakupu samochodu elektrycznego &nbsp;Narz\u0119dzie s\u0142u\u017cy do por\u00f3wnania koszt\u00f3w u\u017cytkowania samochod\u00f3w osobowych, w szczeg\u00f3lno\u015bci samochodu z nap\u0119dem spalinowym oraz samochodem elektrycznym. W przypadku u\u017cytkowania samochodu elektrycznego szczeg\u00f3lnie istotny jest koszt energii elektrycznej, kt\u00f3ry w trasie mo\u017ce by\u0107 kilkakrotnie wy\u017cszy, ni\u017c koszt energii wytworzonej przez domow\u0105 lub firmow\u0105 elektrowni\u0119 fotowoltaiczn\u0105 Kalkulator\u0142adowania e-samochodu Kalkulator \u0142adowania baterii [&hellip;]<\/p>\n","protected":false},"author":1,"featured_media":54,"parent":0,"menu_order":0,"comment_status":"closed","ping_status":"closed","template":"","meta":{"_uag_custom_page_level_css":"","site-sidebar-layout":"default","site-content-layout":"","ast-site-content-layout":"default","site-content-style":"default","site-sidebar-style":"default","ast-global-header-display":"","ast-banner-title-visibility":"","ast-main-header-display":"","ast-hfb-above-header-display":"","ast-hfb-below-header-display":"","ast-hfb-mobile-header-display":"","site-post-title":"","ast-breadcrumbs-content":"","ast-featured-img":"","footer-sml-layout":"","ast-disable-related-posts":"","theme-transparent-header-meta":"","adv-header-id-meta":"","stick-header-meta":"","header-above-stick-meta":"","header-main-stick-meta":"","header-below-stick-meta":"","astra-migrate-meta-layouts":"default","ast-page-background-enabled":"default","ast-page-background-meta":{"desktop":{"background-color":"var(--ast-global-color-4)","background-image":"","background-repeat":"repeat","background-position":"center center","background-size":"auto","background-attachment":"scroll","background-type":"","background-media":"","overlay-type":"","overlay-color":"","overlay-opacity":"","overlay-gradient":""},"tablet":{"background-color":"","background-image":"","background-repeat":"repeat","background-position":"center center","background-size":"auto","background-attachment":"scroll","background-type":"","background-media":"","overlay-type":"","overlay-color":"","overlay-opacity":"","overlay-gradient":""},"mobile":{"background-color":"","background-image":"","background-repeat":"repeat","background-position":"center center","background-size":"auto","background-attachment":"scroll","background-type":"","background-media":"","overlay-type":"","overlay-color":"","overlay-opacity":"","overlay-gradient":""}},"ast-content-background-meta":{"desktop":{"background-color":"var(--ast-global-color-5)","background-image":"","background-repeat":"repeat","background-position":"center center","background-size":"auto","background-attachment":"scroll","background-type":"","background-media":"","overlay-type":"","overlay-color":"","overlay-opacity":"","overlay-gradient":""},"tablet":{"background-color":"var(--ast-global-color-5)","background-image":"","background-repeat":"repeat","background-position":"center center","background-size":"auto","background-attachment":"scroll","background-type":"","background-media":"","overlay-type":"","overlay-color":"","overlay-opacity":"","overlay-gradient":""},"mobile":{"background-color":"var(--ast-global-color-5)","background-image":"","background-repeat":"repeat","background-position":"center center","background-size":"auto","background-attachment":"scroll","background-type":"","background-media":"","overlay-type":"","overlay-color":"","overlay-opacity":"","overlay-gradient":""}},"footnotes":""},"class_list":["post-50","page","type-page","status-publish","has-post-thumbnail","hentry"],"spectra_custom_meta":{"_edit_lock":["1737581529:1"],"_edit_last":["1"],"_thumbnail_id":["54"],"_uag_css_file_name":["uag-css-50.css"],"_uag_page_assets":["a:9:{s:3:\"css\";s:263:\".uag-blocks-common-selector{z-index:var(--z-index-desktop) !important}@media (max-width: 976px){.uag-blocks-common-selector{z-index:var(--z-index-tablet) !important}}@media (max-width: 767px){.uag-blocks-common-selector{z-index:var(--z-index-mobile) !important}}\n\";s:2:\"js\";s:0:\"\";s:18:\"current_block_list\";a:5:{i:0;s:10:\"core\/image\";i:1;s:14:\"core\/paragraph\";i:2;s:10:\"core\/group\";i:3;s:12:\"core\/buttons\";i:4;s:11:\"core\/button\";}s:8:\"uag_flag\";b:0;s:11:\"uag_version\";s:10:\"1774947824\";s:6:\"gfonts\";a:0:{}s:10:\"gfonts_url\";s:0:\"\";s:12:\"gfonts_files\";a:0:{}s:14:\"uag_faq_layout\";b:0;}"]},"uagb_featured_image_src":{"full":["http:\/\/e-car24.pl\/wp-content\/uploads\/2023\/11\/ecar.png",842,462,false],"thumbnail":["http:\/\/e-car24.pl\/wp-content\/uploads\/2023\/11\/ecar-150x150.png",150,150,true],"medium":["http:\/\/e-car24.pl\/wp-content\/uploads\/2023\/11\/ecar-300x165.png",300,165,true],"medium_large":["http:\/\/e-car24.pl\/wp-content\/uploads\/2023\/11\/ecar-768x421.png",768,421,true],"large":["http:\/\/e-car24.pl\/wp-content\/uploads\/2023\/11\/ecar.png",842,462,false],"1536x1536":["http:\/\/e-car24.pl\/wp-content\/uploads\/2023\/11\/ecar.png",842,462,false],"2048x2048":["http:\/\/e-car24.pl\/wp-content\/uploads\/2023\/11\/ecar.png",842,462,false]},"uagb_author_info":{"display_name":"admin","author_link":"http:\/\/e-car24.pl\/index.php\/author\/admin\/"},"uagb_comment_info":0,"uagb_excerpt":"Kalkulator op\u0142acalno\u015bci&nbsp; zakupu samochodu elektrycznego &nbsp;Narz\u0119dzie s\u0142u\u017cy do por\u00f3wnania koszt\u00f3w u\u017cytkowania samochod\u00f3w osobowych, w szczeg\u00f3lno\u015bci samochodu z nap\u0119dem spalinowym oraz samochodem elektrycznym. W przypadku u\u017cytkowania samochodu elektrycznego szczeg\u00f3lnie istotny jest koszt energii elektrycznej, kt\u00f3ry w trasie mo\u017ce by\u0107 kilkakrotnie wy\u017cszy, ni\u017c koszt energii wytworzonej przez domow\u0105 lub firmow\u0105 elektrowni\u0119 fotowoltaiczn\u0105 Kalkulator\u0142adowania e-samochodu Kalkulator \u0142adowania baterii&hellip;","_links":{"self":[{"href":"http:\/\/e-car24.pl\/index.php\/wp-json\/wp\/v2\/pages\/50","targetHints":{"allow":["GET"]}}],"collection":[{"href":"http:\/\/e-car24.pl\/index.php\/wp-json\/wp\/v2\/pages"}],"about":[{"href":"http:\/\/e-car24.pl\/index.php\/wp-json\/wp\/v2\/types\/page"}],"author":[{"embeddable":true,"href":"http:\/\/e-car24.pl\/index.php\/wp-json\/wp\/v2\/users\/1"}],"replies":[{"embeddable":true,"href":"http:\/\/e-car24.pl\/index.php\/wp-json\/wp\/v2\/comments?post=50"}],"version-history":[{"count":4,"href":"http:\/\/e-car24.pl\/index.php\/wp-json\/wp\/v2\/pages\/50\/revisions"}],"predecessor-version":[{"id":61,"href":"http:\/\/e-car24.pl\/index.php\/wp-json\/wp\/v2\/pages\/50\/revisions\/61"}],"wp:featuredmedia":[{"embeddable":true,"href":"http:\/\/e-car24.pl\/index.php\/wp-json\/wp\/v2\/media\/54"}],"wp:attachment":[{"href":"http:\/\/e-car24.pl\/index.php\/wp-json\/wp\/v2\/media?parent=50"}],"curies":[{"name":"wp","href":"https:\/\/api.w.org\/{rel}","templated":true}]}}